{"id":1393,"date":"2021-06-22T14:23:58","date_gmt":"2021-06-22T14:23:58","guid":{"rendered":"http:\/\/localhost:10089\/?page_id=1393"},"modified":"2021-06-22T14:25:22","modified_gmt":"2021-06-22T14:25:22","slug":"les-petites-vaches","status":"publish","type":"page","link":"https:\/\/littlecow.world\/fr\/les-petites-vaches\/","title":{"rendered":"Les petites vaches"},"content":{"rendered":"<div class=\"block background purple\" style=\"overflow-x: hidden;\">\n   <div class=\"grid-container\">\n\n      <div class=\"grid-x align-center\">\n         <div class=\"cell large-12 large-order-2\">\n            <div class=\"slider-images\">\n                                                                      <div class=\"item\">\n                                <img loading=\"lazy\" decoding=\"async\" width=\"2500\" height=\"1667\" src=\"https:\/\/littlecow.world\/wp-content\/uploads\/2021\/04\/stock-jersey-cows-2.jpg\" class=\"attachment-full size-full\" alt=\"\" srcset=\"https:\/\/littlecow.world\/wp-content\/uploads\/2021\/04\/stock-jersey-cows-2.jpg 2500w, https:\/\/littlecow.world\/wp-content\/uploads\/2021\/04\/stock-jersey-cows-2-640x427.jpg 640w, https:\/\/littlecow.world\/wp-content\/uploads\/2021\/04\/stock-jersey-cows-2-1080x720.jpg 1080w, https:\/\/littlecow.world\/wp-content\/uploads\/2021\/04\/stock-jersey-cows-2-768x512.jpg 768w, https:\/\/littlecow.world\/wp-content\/uploads\/2021\/04\/stock-jersey-cows-2-1536x1024.jpg 1536w, https:\/\/littlecow.world\/wp-content\/uploads\/2021\/04\/stock-jersey-cows-2-2048x1366.jpg 2048w\" sizes=\"auto, (max-width: 2500px) 100vw, 2500px\" \/>                             <\/div>\n                                                       <div class=\"item\">\n                                <img loading=\"lazy\" decoding=\"async\" width=\"2560\" height=\"1700\" src=\"https:\/\/littlecow.world\/wp-content\/uploads\/2021\/06\/DSC_0213-scaled-e1623741517831.jpg\" class=\"attachment-full size-full\" alt=\"\" \/>                             <\/div>\n                                                       <div class=\"item\">\n                                <img loading=\"lazy\" decoding=\"async\" width=\"1620\" height=\"1080\" src=\"https:\/\/littlecow.world\/wp-content\/uploads\/2021\/06\/DSC_1291-e1623741530372.jpg\" class=\"attachment-full size-full\" alt=\"\" \/>                             <\/div>\n                                                       <div class=\"item\">\n                                <img loading=\"lazy\" decoding=\"async\" width=\"474\" height=\"326\" src=\"https:\/\/littlecow.world\/wp-content\/uploads\/2021\/04\/09_organic_farming_i8660_20180913_1483.png\" class=\"attachment-full size-full\" alt=\"\" \/>                             <\/div>\n                                                       <div class=\"item\">\n                                <img loading=\"lazy\" decoding=\"async\" width=\"474\" height=\"338\" src=\"https:\/\/littlecow.world\/wp-content\/uploads\/2021\/05\/Kaarz_Kuhpoon_Landwirtschaft_Ku\u0308he-2440@2x.png\" class=\"attachment-full size-full\" alt=\"\" \/>                             <\/div>\n                                           \n            <\/div>\n         <\/div>\n         <div class=\"cell large-8 large-order-1\">\n            <div class=\"cell medium-8\">\n<p>Par leur petite taille et leurs besoins modestes, elles laissent une plus petite &#8230; <em>empreinte de sabot<\/em> sur la plan\u00e8te. Mais ces beaut\u00e9s bovines de petite taille n&rsquo;ont pas seulement un impact r\u00e9duit, elles produisent en outre le lait le plus cr\u00e9meux au royaume des vaches. Ce qui est id\u00e9al pour que notre cr\u00e8me glac\u00e9e soit irr\u00e9sistible ! Plus riche, plus cr\u00e9meuse, plus onctueuse, plus d\u00e9licieuse et 100 % biologique. Saveur d\u00e9licieuse, sensation agr\u00e9able.<\/p>\n<\/div>\n         <\/div>\n\n      <\/div>\n\n\n   <\/div>\n<\/div>\n","protected":false},"excerpt":{"rendered":"","protected":false},"author":1,"featured_media":0,"parent":0,"menu_order":0,"comment_status":"closed","ping_status":"closed","template":"","meta":{"_acf_changed":false,"inline_featured_image":false,"_monsterinsights_skip_tracking":false,"_monsterinsights_sitenote_active":false,"_monsterinsights_sitenote_note":"","_monsterinsights_sitenote_category":0,"footnotes":""},"class_list":["post-1393","page","type-page","status-publish","hentry"],"acf":[],"yoast_head":"<!-- This site is optimized with the Yoast SEO plugin v27.4 - https:\/\/yoast.com\/product\/yoast-seo-wordpress\/ -->\n<title>Les petites vaches - Little Cow Cookies<\/title>\n<meta name=\"robots\" content=\"index, follow, max-snippet:-1, max-image-preview:large, max-video-preview:-1\" \/>\n<link rel=\"canonical\" href=\"https:\/\/littlecow.world\/fr\/les-petites-vaches\/\" \/>\n<meta property=\"og:locale\" content=\"fr_FR\" \/>\n<meta property=\"og:type\" content=\"article\" \/>\n<meta property=\"og:title\" content=\"Les petites vaches - Little Cow Cookies\" \/>\n<meta property=\"og:url\" content=\"https:\/\/littlecow.world\/fr\/les-petites-vaches\/\" \/>\n<meta property=\"og:site_name\" content=\"Little Cow Cookies\" \/>\n<meta property=\"article:modified_time\" content=\"2021-06-22T14:25:22+00:00\" \/>\n<meta name=\"twitter:card\" content=\"summary_large_image\" \/>\n<script type=\"application\/ld+json\" class=\"yoast-schema-graph\">{\"@context\":\"https:\\\/\\\/schema.org\",\"@graph\":[{\"@type\":\"WebPage\",\"@id\":\"https:\\\/\\\/littlecow.world\\\/fr\\\/les-petites-vaches\\\/\",\"url\":\"https:\\\/\\\/littlecow.world\\\/fr\\\/les-petites-vaches\\\/\",\"name\":\"Les petites vaches - Little Cow Cookies\",\"isPartOf\":{\"@id\":\"https:\\\/\\\/littlecow.world\\\/#website\"},\"datePublished\":\"2021-06-22T14:23:58+00:00\",\"dateModified\":\"2021-06-22T14:25:22+00:00\",\"breadcrumb\":{\"@id\":\"https:\\\/\\\/littlecow.world\\\/fr\\\/les-petites-vaches\\\/#breadcrumb\"},\"inLanguage\":\"fr-FR\",\"potentialAction\":[{\"@type\":\"ReadAction\",\"target\":[\"https:\\\/\\\/littlecow.world\\\/fr\\\/les-petites-vaches\\\/\"]}]},{\"@type\":\"BreadcrumbList\",\"@id\":\"https:\\\/\\\/littlecow.world\\\/fr\\\/les-petites-vaches\\\/#breadcrumb\",\"itemListElement\":[{\"@type\":\"ListItem\",\"position\":1,\"name\":\"Home\",\"item\":\"https:\\\/\\\/littlecow.world\\\/fr\\\/\"},{\"@type\":\"ListItem\",\"position\":2,\"name\":\"Les petites vaches\"}]},{\"@type\":\"WebSite\",\"@id\":\"https:\\\/\\\/littlecow.world\\\/#website\",\"url\":\"https:\\\/\\\/littlecow.world\\\/\",\"name\":\"Little Cow Cookies\",\"description\":\"Organic Jersey Ice Cream\",\"potentialAction\":[{\"@type\":\"SearchAction\",\"target\":{\"@type\":\"EntryPoint\",\"urlTemplate\":\"https:\\\/\\\/littlecow.world\\\/?s={search_term_string}\"},\"query-input\":{\"@type\":\"PropertyValueSpecification\",\"valueRequired\":true,\"valueName\":\"search_term_string\"}}],\"inLanguage\":\"fr-FR\"}]}<\/script>\n<!-- \/ Yoast SEO plugin. -->","yoast_head_json":{"title":"Les petites vaches - Little Cow Cookies","robots":{"index":"index","follow":"follow","max-snippet":"max-snippet:-1","max-image-preview":"max-image-preview:large","max-video-preview":"max-video-preview:-1"},"canonical":"https:\/\/littlecow.world\/fr\/les-petites-vaches\/","og_locale":"fr_FR","og_type":"article","og_title":"Les petites vaches - Little Cow Cookies","og_url":"https:\/\/littlecow.world\/fr\/les-petites-vaches\/","og_site_name":"Little Cow Cookies","article_modified_time":"2021-06-22T14:25:22+00:00","twitter_card":"summary_large_image","schema":{"@context":"https:\/\/schema.org","@graph":[{"@type":"WebPage","@id":"https:\/\/littlecow.world\/fr\/les-petites-vaches\/","url":"https:\/\/littlecow.world\/fr\/les-petites-vaches\/","name":"Les petites vaches - Little Cow Cookies","isPartOf":{"@id":"https:\/\/littlecow.world\/#website"},"datePublished":"2021-06-22T14:23:58+00:00","dateModified":"2021-06-22T14:25:22+00:00","breadcrumb":{"@id":"https:\/\/littlecow.world\/fr\/les-petites-vaches\/#breadcrumb"},"inLanguage":"fr-FR","potentialAction":[{"@type":"ReadAction","target":["https:\/\/littlecow.world\/fr\/les-petites-vaches\/"]}]},{"@type":"BreadcrumbList","@id":"https:\/\/littlecow.world\/fr\/les-petites-vaches\/#breadcrumb","itemListElement":[{"@type":"ListItem","position":1,"name":"Home","item":"https:\/\/littlecow.world\/fr\/"},{"@type":"ListItem","position":2,"name":"Les petites vaches"}]},{"@type":"WebSite","@id":"https:\/\/littlecow.world\/#website","url":"https:\/\/littlecow.world\/","name":"Little Cow Cookies","description":"Organic Jersey Ice Cream","potentialAction":[{"@type":"SearchAction","target":{"@type":"EntryPoint","urlTemplate":"https:\/\/littlecow.world\/?s={search_term_string}"},"query-input":{"@type":"PropertyValueSpecification","valueRequired":true,"valueName":"search_term_string"}}],"inLanguage":"fr-FR"}]}},"_links":{"self":[{"href":"https:\/\/littlecow.world\/fr\/wp-json\/wp\/v2\/pages\/1393","targetHints":{"allow":["GET"]}}],"collection":[{"href":"https:\/\/littlecow.world\/fr\/wp-json\/wp\/v2\/pages"}],"about":[{"href":"https:\/\/littlecow.world\/fr\/wp-json\/wp\/v2\/types\/page"}],"author":[{"embeddable":true,"href":"https:\/\/littlecow.world\/fr\/wp-json\/wp\/v2\/users\/1"}],"replies":[{"embeddable":true,"href":"https:\/\/littlecow.world\/fr\/wp-json\/wp\/v2\/comments?post=1393"}],"version-history":[{"count":0,"href":"https:\/\/littlecow.world\/fr\/wp-json\/wp\/v2\/pages\/1393\/revisions"}],"wp:attachment":[{"href":"https:\/\/littlecow.world\/fr\/wp-json\/wp\/v2\/media?parent=1393"}],"curies":[{"name":"wp","href":"https:\/\/api.w.org\/{rel}","templated":true}]}}