{"id":1399,"date":"2021-06-22T14:29:45","date_gmt":"2021-06-22T14:29:45","guid":{"rendered":"http:\/\/localhost:10089\/?page_id=1399"},"modified":"2025-07-25T13:10:04","modified_gmt":"2025-07-25T11:10:04","slug":"packaging","status":"publish","type":"page","link":"https:\/\/littlecow.world\/fr\/packaging\/","title":{"rendered":"Packaging"},"content":{"rendered":"<div class=\"block block-lists\">\n\n    <div class=\"grid-container\">\n        <div class=\"grid-x align-center grid-margin-x\" data-equalizer data-eqalize-per-row>\n\n                \n                \n                <div class=\"cell medium-6 \">\n                    <div class=\"card-holder\">\n                        <div class=\"card icon\" data-equalizer-watch>\n                           <div class=\"circle background mint\">\n                                                                                                <img decoding=\"async\" src=\"https:\/\/littlecow.world\/wp-content\/uploads\/2021\/05\/wood.png\" alt=\"\" \/>\n                            <\/div>\n                            <h4>Mati\u00e8res premi\u00e8res<\/h4>\n                            <ul>\n<li>R\u00e9colt\u00e9 dans le cadre de la sylviculture circulaire<\/li>\n<li>Cultiv\u00e9 sp\u00e9cialement pour la p\u00e2te \u00e0 papier<\/li>\n<li>Enti\u00e8rement sans plastique<\/li>\n<\/ul>\n                            <div class=\"logos\">\n                                                           <\/div>\n                        <\/div>\n                     <\/div>\n                  <\/div>\n\n                \n                <div class=\"cell medium-6 \">\n                    <div class=\"card-holder\">\n                        <div class=\"card icon\" data-equalizer-watch>\n                           <div class=\"circle background pink\">\n                                                                                                <img decoding=\"async\" src=\"https:\/\/littlecow.world\/wp-content\/uploads\/2021\/05\/wood-chips.png\" alt=\"\" \/>\n                            <\/div>\n                            <h4>Production<\/h4>\n                            <ul>\n<li>Bois transform\u00e9 en pulpe \u00e0 papier<\/li>\n<li>Pulpe thermoform\u00e9e en pots<\/li>\n<li>Processus circulaire unique<\/li>\n<\/ul>\n                            <div class=\"logos\">\n                                                           <\/div>\n                        <\/div>\n                     <\/div>\n                  <\/div>\n\n                \n                <div class=\"cell medium-6 \">\n                    <div class=\"card-holder\">\n                        <div class=\"card icon\" data-equalizer-watch>\n                           <div class=\"circle background blue\">\n                                                                                                <img decoding=\"async\" src=\"https:\/\/littlecow.world\/wp-content\/uploads\/2021\/05\/20-209645_free-png-water-drops-png-images-transparent-transparent.png\" alt=\"\" \/>\n                            <\/div>\n                            <h4>Boucle d&rsquo;eau en circuit ferm\u00e9<\/h4>\n                            <ul>\n<li>L&rsquo;eau est r\u00e9utilis\u00e9e autant que possible. Il y a moyen d\u2019ajouter de l&rsquo;eau fra\u00eeche et de filtrer l&rsquo;eau utilis\u00e9e.<\/li>\n<li>La s\u00e9curit\u00e9 alimentaire passe avant tout !<\/li>\n<\/ul>\n                            <div class=\"logos\">\n                                                           <\/div>\n                        <\/div>\n                     <\/div>\n                  <\/div>\n\n                \n                <div class=\"cell medium-6 \">\n                    <div class=\"card-holder\">\n                        <div class=\"card icon\" data-equalizer-watch>\n                           <div class=\"circle background orange\">\n                                                                                                <img decoding=\"async\" src=\"https:\/\/littlecow.world\/wp-content\/uploads\/2021\/05\/dirt.png\" alt=\"\" \/>\n                            <\/div>\n                            <h4>Recyclage<\/h4>\n                            <ul>\n<li>Mat\u00e9riaux biod\u00e9gradables<\/li>\n<li>Apr\u00e8s utilisation, les emballages peuvent \u00eatre compost\u00e9s ou recycl\u00e9s en papier<\/li>\n<\/ul>\n                            <div class=\"logos\">\n                                                                                                          <img loading=\"lazy\" decoding=\"async\" width=\"1280\" height=\"720\" src=\"https:\/\/littlecow.world\/wp-content\/uploads\/2021\/05\/Packaging-fully-recyclable.svg\" class=\"attachment-large size-large\" alt=\"\" \/>                                                                                               <\/div>\n                        <\/div>\n                     <\/div>\n                  <\/div>\n\n                \n                \n        <\/div>\n    <\/div>\n\n<\/div>\n","protected":false},"excerpt":{"rendered":"","protected":false},"author":1,"featured_media":0,"parent":0,"menu_order":0,"comment_status":"closed","ping_status":"closed","template":"","meta":{"_acf_changed":false,"inline_featured_image":false,"_monsterinsights_skip_tracking":false,"_monsterinsights_sitenote_active":false,"_monsterinsights_sitenote_note":"","_monsterinsights_sitenote_category":0,"footnotes":""},"class_list":["post-1399","page","type-page","status-publish","hentry"],"acf":[],"yoast_head":"<!-- This site is optimized with the Yoast SEO plugin v27.4 - https:\/\/yoast.com\/product\/yoast-seo-wordpress\/ -->\n<title>Packaging - Little Cow Cookies<\/title>\n<meta name=\"robots\" content=\"index, follow, max-snippet:-1, max-image-preview:large, max-video-preview:-1\" \/>\n<link rel=\"canonical\" href=\"https:\/\/littlecow.world\/fr\/packaging\/\" \/>\n<meta property=\"og:locale\" content=\"fr_FR\" \/>\n<meta property=\"og:type\" content=\"article\" \/>\n<meta property=\"og:title\" content=\"Packaging - Little Cow Cookies\" \/>\n<meta property=\"og:url\" content=\"https:\/\/littlecow.world\/fr\/packaging\/\" \/>\n<meta property=\"og:site_name\" content=\"Little Cow Cookies\" \/>\n<meta property=\"article:modified_time\" content=\"2025-07-25T11:10:04+00:00\" \/>\n<meta name=\"twitter:card\" content=\"summary_large_image\" \/>\n<script type=\"application\/ld+json\" class=\"yoast-schema-graph\">{\"@context\":\"https:\\\/\\\/schema.org\",\"@graph\":[{\"@type\":\"WebPage\",\"@id\":\"https:\\\/\\\/littlecow.world\\\/fr\\\/packaging\\\/\",\"url\":\"https:\\\/\\\/littlecow.world\\\/fr\\\/packaging\\\/\",\"name\":\"Packaging - Little Cow Cookies\",\"isPartOf\":{\"@id\":\"https:\\\/\\\/littlecow.world\\\/#website\"},\"datePublished\":\"2021-06-22T14:29:45+00:00\",\"dateModified\":\"2025-07-25T11:10:04+00:00\",\"breadcrumb\":{\"@id\":\"https:\\\/\\\/littlecow.world\\\/fr\\\/packaging\\\/#breadcrumb\"},\"inLanguage\":\"fr-FR\",\"potentialAction\":[{\"@type\":\"ReadAction\",\"target\":[\"https:\\\/\\\/littlecow.world\\\/fr\\\/packaging\\\/\"]}]},{\"@type\":\"BreadcrumbList\",\"@id\":\"https:\\\/\\\/littlecow.world\\\/fr\\\/packaging\\\/#breadcrumb\",\"itemListElement\":[{\"@type\":\"ListItem\",\"position\":1,\"name\":\"Home\",\"item\":\"https:\\\/\\\/littlecow.world\\\/fr\\\/\"},{\"@type\":\"ListItem\",\"position\":2,\"name\":\"Packaging\"}]},{\"@type\":\"WebSite\",\"@id\":\"https:\\\/\\\/littlecow.world\\\/#website\",\"url\":\"https:\\\/\\\/littlecow.world\\\/\",\"name\":\"Little Cow Cookies\",\"description\":\"Organic Jersey Ice Cream\",\"potentialAction\":[{\"@type\":\"SearchAction\",\"target\":{\"@type\":\"EntryPoint\",\"urlTemplate\":\"https:\\\/\\\/littlecow.world\\\/?s={search_term_string}\"},\"query-input\":{\"@type\":\"PropertyValueSpecification\",\"valueRequired\":true,\"valueName\":\"search_term_string\"}}],\"inLanguage\":\"fr-FR\"}]}<\/script>\n<!-- \/ Yoast SEO plugin. -->","yoast_head_json":{"title":"Packaging - Little Cow Cookies","robots":{"index":"index","follow":"follow","max-snippet":"max-snippet:-1","max-image-preview":"max-image-preview:large","max-video-preview":"max-video-preview:-1"},"canonical":"https:\/\/littlecow.world\/fr\/packaging\/","og_locale":"fr_FR","og_type":"article","og_title":"Packaging - Little Cow Cookies","og_url":"https:\/\/littlecow.world\/fr\/packaging\/","og_site_name":"Little Cow Cookies","article_modified_time":"2025-07-25T11:10:04+00:00","twitter_card":"summary_large_image","schema":{"@context":"https:\/\/schema.org","@graph":[{"@type":"WebPage","@id":"https:\/\/littlecow.world\/fr\/packaging\/","url":"https:\/\/littlecow.world\/fr\/packaging\/","name":"Packaging - Little Cow Cookies","isPartOf":{"@id":"https:\/\/littlecow.world\/#website"},"datePublished":"2021-06-22T14:29:45+00:00","dateModified":"2025-07-25T11:10:04+00:00","breadcrumb":{"@id":"https:\/\/littlecow.world\/fr\/packaging\/#breadcrumb"},"inLanguage":"fr-FR","potentialAction":[{"@type":"ReadAction","target":["https:\/\/littlecow.world\/fr\/packaging\/"]}]},{"@type":"BreadcrumbList","@id":"https:\/\/littlecow.world\/fr\/packaging\/#breadcrumb","itemListElement":[{"@type":"ListItem","position":1,"name":"Home","item":"https:\/\/littlecow.world\/fr\/"},{"@type":"ListItem","position":2,"name":"Packaging"}]},{"@type":"WebSite","@id":"https:\/\/littlecow.world\/#website","url":"https:\/\/littlecow.world\/","name":"Little Cow Cookies","description":"Organic Jersey Ice Cream","potentialAction":[{"@type":"SearchAction","target":{"@type":"EntryPoint","urlTemplate":"https:\/\/littlecow.world\/?s={search_term_string}"},"query-input":{"@type":"PropertyValueSpecification","valueRequired":true,"valueName":"search_term_string"}}],"inLanguage":"fr-FR"}]}},"_links":{"self":[{"href":"https:\/\/littlecow.world\/fr\/wp-json\/wp\/v2\/pages\/1399","targetHints":{"allow":["GET"]}}],"collection":[{"href":"https:\/\/littlecow.world\/fr\/wp-json\/wp\/v2\/pages"}],"about":[{"href":"https:\/\/littlecow.world\/fr\/wp-json\/wp\/v2\/types\/page"}],"author":[{"embeddable":true,"href":"https:\/\/littlecow.world\/fr\/wp-json\/wp\/v2\/users\/1"}],"replies":[{"embeddable":true,"href":"https:\/\/littlecow.world\/fr\/wp-json\/wp\/v2\/comments?post=1399"}],"version-history":[{"count":0,"href":"https:\/\/littlecow.world\/fr\/wp-json\/wp\/v2\/pages\/1399\/revisions"}],"wp:attachment":[{"href":"https:\/\/littlecow.world\/fr\/wp-json\/wp\/v2\/media?parent=1399"}],"curies":[{"name":"wp","href":"https:\/\/api.w.org\/{rel}","templated":true}]}}