{"id":1471,"date":"2021-06-23T09:13:07","date_gmt":"2021-06-23T09:13:07","guid":{"rendered":"http:\/\/localhost:10089\/?page_id=1471"},"modified":"2021-10-14T12:49:10","modified_gmt":"2021-10-14T12:49:10","slug":"petite-planete","status":"publish","type":"page","link":"https:\/\/littlecow.world\/fr\/petite-planete\/","title":{"rendered":"Petite plan\u00e8te"},"content":{"rendered":"<div class=\"block text-image-column\">\n    <div class=\"grid-container\">\n        <div class=\"grid-x grid-margin-x\">\n\n           <div class=\"cell large-5 \">\n                                                <img decoding=\"async\" class=\"image\" src=\"https:\/\/littlecow.world\/wp-content\/uploads\/2021\/05\/Kaarz_Kuhpoon_Landwirtschaft_Ku\u0308he-2440@2x.png\" \/>\n                          <\/div>\n\n            <div class=\"cell large-6 large-offset-1\">\n                <div class=\"content\">\n                                          <h3>Une maison \u00e0 la ferme<\/h3>\n                                                             <p>Sur des terres agricoles g\u00e9r\u00e9es de mani\u00e8re responsable, au milieu de nombreuses r\u00e9serves naturelles au nord-est de l&rsquo;Allemagne, vous trouverez la maison de nos petites vaches jersiaises ainsi que notre usine de cr\u00e8me glac\u00e9e : <em>The Organic Jersey Farm<\/em>. Nous sommes fiers de pouvoir donner l&rsquo;exemple agricole aux futures g\u00e9n\u00e9rations, tout en soutenant la biodiversit\u00e9 et en conservant le monde naturel. Nous nous engageons \u00e0 pratiquer une agriculture r\u00e9g\u00e9n\u00e9ratrice aux termes de 4 Returns.<\/p>\n<div class=\"block text-image-column\">\n<div class=\"grid-container\">\n<div class=\"grid-x grid-margin-x\">\n<div class=\"cell large-6 large-offset-1\">\n<div class=\"content\">\n<p><small>Photo de J\u00f6rn Lehmann<\/small><\/p>\n<\/div>\n<\/div>\n<\/div>\n<\/div>\n<\/div>\n<div class=\"block text-image-column\">\n<div class=\"grid-container\">\n<div class=\"grid-x grid-margin-x\"><\/div>\n<\/div>\n<\/div>\n                                                      <\/div>\n            <\/div>\n\n\n\n        <\/div>\n    <\/div>\n<\/div>\n\n\n<div class=\"block text-image-column\">\n    <div class=\"grid-container\">\n        <div class=\"grid-x grid-margin-x\">\n\n           <div class=\"cell large-5  large-order-2 large-offset-1\">\n                                                <img decoding=\"async\" class=\"image\" src=\"https:\/\/littlecow.world\/wp-content\/uploads\/2021\/06\/DSC_0473-640x360.jpg\" \/>\n                          <\/div>\n\n            <div class=\"cell large-6 large-order-1 \">\n                <div class=\"content\">\n                                          <h3>Le cycle de la vie<\/h3>\n                                                             <p>Des vaches qui produisent notre lait cr\u00e9meux jusqu\u2019\u00e0 notre usine locale de cr\u00e8me glac\u00e9e, tout a sa place dans un cycle durable. L\u2019absence de pesticides, d&rsquo;additifs artificiels, d&rsquo;engrais artificiels et de champs surexploit\u00e9s fait que la terre a l\u2019occasion de se r\u00e9g\u00e9n\u00e9rer naturellement. Il y a suffisamment de place pour cultiver nos propres fourrages pour animaux et pour utiliser le fumier des vaches afin de fertiliser la terre, afin de compl\u00e9ter le cycle. Nous traitons nos vaches dans le respect du bien-\u00eatre des animaux. Nos fermes et notre usine sont un employeur responsable important dans la r\u00e9gion. De plus, notre usine de cr\u00e8me glac\u00e9e utilise une technologie de pointe et a l\u2019ambition de devenir compl\u00e8tement neutre en \u00e9nergie et en CO2.<\/p>\n                                                            <a class=\"button \" href=\"http:\/\/littlecow.world\/packaging\/\" target=\"_self\">Je souhaite en apprendre davantage <\/a>\n                                  <\/div>\n            <\/div>\n\n\n\n        <\/div>\n    <\/div>\n<\/div>\n\n\n<div class=\"block card-slider-block background white\">\n\n    <div class=\"shape-arch-holder grey\">\n<!-- class=\"arch\" -->\n    <svg version=\"1.1\" id=\"Laag_1\" xmlns=\"http:\/\/www.w3.org\/2000\/svg\" xmlns:xlink=\"http:\/\/www.w3.org\/1999\/xlink\" x=\"0px\" y=\"0px\"\n        viewBox=\"0 0 1366 62.2\" style=\"enable-background:new 0 0 1366 62.2;\" xml:space=\"preserve\">\n    <style type=\"text\/css\">\n        .st0{fill:#F0F0F0;}\n    <\/style>\n    <path class=\"st0\" d=\"M1369.6,62.2C1211.8,24.4,963,0,683,0S154.2,24.4-3.6,62.2H1369.6z\"\/>\n    <\/svg>\n<\/div>\n\n   <div class=\"grid-container\">\n      <div class=\"grid-x grid-margin-x\">\n          <div class=\"cell medium-12\">\n             <div class=\"card-slider\">\n\n                          \n               \n                 <div class=\"carousel-cell\" id=\"4Returns\">\n                    <div class=\"card icon\">\n                                                  <div class=\"circle background mint\">\n                                                             <img decoding=\"async\" src=\"https:\/\/littlecow.world\/wp-content\/uploads\/2021\/05\/4returnd.svg\" \/>\n                                                        <\/div>\n                        <h5>4 Returns<\/h5>\n                        <p>Nous avons comme objectif de respecter les conditions de 4 Returns Framework pour l\u2019exploitation et la g\u00e9rance de nos terres. Cela signifie que nous traitons la terre avec le respect qu&rsquo;elle m\u00e9rite, en la pr\u00e9servant pour les g\u00e9n\u00e9rations \u00e0 venir. Nous abordons tous les \u00e9l\u00e9ments d&rsquo;un point de vue durable : la qualit\u00e9 du sol et de la v\u00e9g\u00e9tation, les animaux qui paissent sur les terres ainsi que les personnes qui y r\u00e9sident et qui travaillent nos terres dans un esprit de durabilit\u00e9. Notre objectif est d&rsquo;avoir une empreinte \u00e9cologique tr\u00e8s faible ou nulle, en nous concentrant sur la g\u00e9n\u00e9ration de 4 Returns : le capital social, le capital naturel, le capital financier et, enfin, l&rsquo;inspiration. Espoir et inspiration pour un avenir o\u00f9 les gens pourront vivre pendant des g\u00e9n\u00e9rations en harmonie avec la nature sur le sol fertile qu&rsquo;ils cultivent. Quand les 4 \u00e9l\u00e9ments sont \u00e9quilibr\u00e9s, cela cr\u00e9e une strat\u00e9gie agricole durable et rentable pour les personnes et la nature.<\/p>\n                        <div class=\"logos\">\n                                                         <img loading=\"lazy\" decoding=\"async\" width=\"1280\" height=\"720\" src=\"https:\/\/littlecow.world\/wp-content\/uploads\/2021\/05\/4Returns-logo.svg\" class=\"logo\" alt=\"\" \/>                                                   <\/div>\n                    <\/div>\n                 <\/div>\n\n             \n               \n                 <div class=\"carousel-cell\" id=\"Labiodiversit\">\n                    <div class=\"card icon\">\n                                                  <div class=\"circle background mint\">\n                                                             <img decoding=\"async\" src=\"https:\/\/littlecow.world\/wp-content\/uploads\/2021\/05\/wereldbol.png\" \/>\n                                                        <\/div>\n                        <h5>La biodiversit\u00e9<\/h5>\n                        <p>D\u2019un point de vue global, sans uniquement pr\u00eater attention \u00e0 l\u2019aspect de la terre sur laquelle paissent nos vaches, nous soutenons \u00e9galement un paysage riche et biodiversifi\u00e9. Qui regorge de vie et d&rsquo;une grande vari\u00e9t\u00e9 d&rsquo;animaux et de plantes. Nos vaches (et leur lait) b\u00e9n\u00e9ficient de l&rsquo;herbe et des herbes sauvages qu\u2019elles broutent. Et c&rsquo;est aussi tout l&rsquo;\u00e9cosyst\u00e8me qui en profite car sa r\u00e9silience globale augmente. Ce qui est magnifique pour toutes les personnes qui ont la chance d&rsquo;en faire partie !<\/p>\n                        <div class=\"logos\">\n                                                   <\/div>\n                    <\/div>\n                 <\/div>\n\n             \n               \n                 <div class=\"carousel-cell\" id=\"Lagriculturebiologique\">\n                    <div class=\"card icon\">\n                                                  <div class=\"circle background mint\">\n                                                             <img decoding=\"async\" src=\"https:\/\/littlecow.world\/wp-content\/uploads\/2021\/05\/bio_logo_.png\" \/>\n                                                        <\/div>\n                        <h5>L\u2019agriculture biologique<\/h5>\n                        <p>Plut\u00f4t que de recourir \u00e0 des additifs ou \u00e0 des aliments artificiels pour maintenir nos petites vaches Jersey en bonne sant\u00e9, nous n&rsquo;utilisons que des ingr\u00e9dients naturels et nous \u00e9vitons les pesticides et les antibiotiques. Et donc, le lait cr\u00e9meux utilis\u00e9 pour pr\u00e9parer notre cr\u00e8me glac\u00e9e est v\u00e9ritablement biologique. Si la terre et votre troupeau sont en bonne sant\u00e9, tout le monde reste en bonne sant\u00e9.<\/p>\n                        <div class=\"logos\">\n                                                                                                            <\/div>\n                    <\/div>\n                 <\/div>\n\n             \n               \n                 <div class=\"carousel-cell\" id=\"Lebien-tredesanimaux\">\n                    <div class=\"card icon\">\n                                                  <div class=\"circle background mint\">\n                                                             <img decoding=\"async\" src=\"https:\/\/littlecow.world\/wp-content\/uploads\/2021\/04\/jersey-cow-240x480.png\" \/>\n                                                        <\/div>\n                        <h5>Le bien-\u00eatre des animaux<\/h5>\n                        <p>Nos petites vaches sont peut-\u00eatre petites, mais elles ont besoin de beaucoup d&rsquo;espace pour rester en forme. Nous avons donc rendu nos \u00e9tables aussi spacieuses que possible, en h\u00e9bergeant des groupes dans de grands espaces, recouverts de paille fra\u00eeche. Nos vaches disposent \u00e9galement d&rsquo;au moins une acre de terre par vache pour pa\u00eetre librement \u00e0 l&rsquo;ext\u00e9rieur. Il s&rsquo;agit de l\u2019originale et robuste race Jersey, en bonne sant\u00e9, au point de ne quasi pas souffrir de maladies. Nous choyons les veaux d\u00e8s la naissance pour qu\u2019ils deviennent des beaut\u00e9s bovines \u00e9nergiques. Tout comme leurs m\u00e8res, les veaux passent beaucoup de temps \u00e0 l&rsquo;ext\u00e9rieur dans les champs.<\/p>\n                        <div class=\"logos\">\n                                                   <\/div>\n                    <\/div>\n                 <\/div>\n\n             \n               \n                 <div class=\"carousel-cell\" id=\"Unemballage100durable\">\n                    <div class=\"card icon\">\n                                                  <div class=\"circle background mint\">\n                                                             <img decoding=\"async\" src=\"https:\/\/littlecow.world\/wp-content\/uploads\/2021\/04\/cup-442x480.png\" \/>\n                                                        <\/div>\n                        <h5>Un emballage 100 % durable<\/h5>\n                        <p>Nous avons cr\u00e9\u00e9 nos propres pots, enti\u00e8rement durables et biod\u00e9gradables. Ils ne contiennent pas de plastique et ils sont fabriqu\u00e9s selon un proc\u00e9d\u00e9 sp\u00e9cial qui filtre et r\u00e9utilise l&rsquo;eau propre et la p\u00e2te de bois provenant de for\u00eats locales durables.<\/p>\n                        <div class=\"logos\">\n                                                         <img loading=\"lazy\" decoding=\"async\" width=\"1280\" height=\"720\" src=\"https:\/\/littlecow.world\/wp-content\/uploads\/2021\/05\/Sustainable-packaging.svg\" class=\"logo\" alt=\"\" \/>                                                         <img loading=\"lazy\" decoding=\"async\" width=\"1280\" height=\"720\" src=\"https:\/\/littlecow.world\/wp-content\/uploads\/2021\/05\/Packaging-fully-recyclable.svg\" class=\"logo\" alt=\"\" \/>                                                   <\/div>\n                    <\/div>\n                 <\/div>\n\n             \n               \n                 <div class=\"carousel-cell\" id=\"PtedeboisFSC\">\n                    <div class=\"card icon\">\n                                                  <div class=\"circle background mint\">\n                                                             <img decoding=\"async\" src=\"https:\/\/littlecow.world\/wp-content\/uploads\/2021\/05\/jarrah-chip-e1620926237734-640x342.png\" \/>\n                                                        <\/div>\n                        <h5>P\u00e2te de bois FSC<\/h5>\n                        <p>Le bois qui sert \u00e0 fabriquer la pulpe de nos pots biod\u00e9gradables est certifi\u00e9 FSC, ce qui signifie que les for\u00eats ne s&rsquo;\u00e9puisent jamais et que nos pots constituent la solution la plus p\u00e9renne.<\/p>\n                        <div class=\"logos\">\n                                                         <img loading=\"lazy\" decoding=\"async\" width=\"1280\" height=\"720\" src=\"https:\/\/littlecow.world\/wp-content\/uploads\/2021\/05\/FSC.svg\" class=\"logo\" alt=\"\" \/>                                                   <\/div>\n                    <\/div>\n                 <\/div>\n\n             \n               \n                 <div class=\"carousel-cell\" id=\"Productionlocale\">\n                    <div class=\"card icon\">\n                                                  <div class=\"circle background mint\">\n                                                             <img decoding=\"async\" src=\"https:\/\/littlecow.world\/wp-content\/uploads\/2021\/05\/tractir.png\" \/>\n                                                        <\/div>\n                        <h5>Production locale<\/h5>\n                        <p>Nos propres vaches fournissent notre lait frais, directement \u00e0 notre usine voisine.<br \/>\r\nDans tout ce que nous entreprenons, nous visons une approche aussi locale que possible, permettant de r\u00e9duire davantage l&rsquo;impact sur l&rsquo;environnement et de g\u00e9n\u00e9rer des opportunit\u00e9s d&#8217;emploi pour les communaut\u00e9s environnantes.<\/p>\n                        <div class=\"logos\">\n                                                   <\/div>\n                    <\/div>\n                 <\/div>\n\n             \n             \n             <\/div>\n          <\/div>\n      <\/div>\n   <\/div>\n\n<\/div>\n","protected":false},"excerpt":{"rendered":"","protected":false},"author":1,"featured_media":0,"parent":0,"menu_order":0,"comment_status":"closed","ping_status":"closed","template":"","meta":{"_acf_changed":false,"inline_featured_image":false,"_monsterinsights_skip_tracking":false,"_monsterinsights_sitenote_active":false,"_monsterinsights_sitenote_note":"","_monsterinsights_sitenote_category":0,"footnotes":""},"class_list":["post-1471","page","type-page","status-publish","hentry"],"acf":[],"yoast_head":"<!-- This site is optimized with the Yoast SEO plugin v27.4 - https:\/\/yoast.com\/product\/yoast-seo-wordpress\/ -->\n<title>Petite plan\u00e8te - Little Cow Cookies<\/title>\n<meta name=\"robots\" content=\"index, follow, max-snippet:-1, max-image-preview:large, max-video-preview:-1\" \/>\n<link rel=\"canonical\" href=\"https:\/\/littlecow.world\/fr\/petite-planete\/\" \/>\n<meta property=\"og:locale\" content=\"fr_FR\" \/>\n<meta property=\"og:type\" content=\"article\" \/>\n<meta property=\"og:title\" content=\"Petite plan\u00e8te - Little Cow Cookies\" \/>\n<meta property=\"og:url\" content=\"https:\/\/littlecow.world\/fr\/petite-planete\/\" \/>\n<meta property=\"og:site_name\" content=\"Little Cow Cookies\" \/>\n<meta property=\"article:modified_time\" content=\"2021-10-14T12:49:10+00:00\" \/>\n<meta name=\"twitter:card\" content=\"summary_large_image\" \/>\n<script type=\"application\/ld+json\" class=\"yoast-schema-graph\">{\"@context\":\"https:\\\/\\\/schema.org\",\"@graph\":[{\"@type\":\"WebPage\",\"@id\":\"https:\\\/\\\/littlecow.world\\\/fr\\\/petite-planete\\\/\",\"url\":\"https:\\\/\\\/littlecow.world\\\/fr\\\/petite-planete\\\/\",\"name\":\"Petite plan\u00e8te - Little Cow Cookies\",\"isPartOf\":{\"@id\":\"https:\\\/\\\/littlecow.world\\\/#website\"},\"datePublished\":\"2021-06-23T09:13:07+00:00\",\"dateModified\":\"2021-10-14T12:49:10+00:00\",\"breadcrumb\":{\"@id\":\"https:\\\/\\\/littlecow.world\\\/fr\\\/petite-planete\\\/#breadcrumb\"},\"inLanguage\":\"fr-FR\",\"potentialAction\":[{\"@type\":\"ReadAction\",\"target\":[\"https:\\\/\\\/littlecow.world\\\/fr\\\/petite-planete\\\/\"]}]},{\"@type\":\"BreadcrumbList\",\"@id\":\"https:\\\/\\\/littlecow.world\\\/fr\\\/petite-planete\\\/#breadcrumb\",\"itemListElement\":[{\"@type\":\"ListItem\",\"position\":1,\"name\":\"Home\",\"item\":\"https:\\\/\\\/littlecow.world\\\/fr\\\/\"},{\"@type\":\"ListItem\",\"position\":2,\"name\":\"Petite plan\u00e8te\"}]},{\"@type\":\"WebSite\",\"@id\":\"https:\\\/\\\/littlecow.world\\\/#website\",\"url\":\"https:\\\/\\\/littlecow.world\\\/\",\"name\":\"Little Cow Cookies\",\"description\":\"Organic Jersey Ice Cream\",\"potentialAction\":[{\"@type\":\"SearchAction\",\"target\":{\"@type\":\"EntryPoint\",\"urlTemplate\":\"https:\\\/\\\/littlecow.world\\\/?s={search_term_string}\"},\"query-input\":{\"@type\":\"PropertyValueSpecification\",\"valueRequired\":true,\"valueName\":\"search_term_string\"}}],\"inLanguage\":\"fr-FR\"}]}<\/script>\n<!-- \/ Yoast SEO plugin. -->","yoast_head_json":{"title":"Petite plan\u00e8te - Little Cow Cookies","robots":{"index":"index","follow":"follow","max-snippet":"max-snippet:-1","max-image-preview":"max-image-preview:large","max-video-preview":"max-video-preview:-1"},"canonical":"https:\/\/littlecow.world\/fr\/petite-planete\/","og_locale":"fr_FR","og_type":"article","og_title":"Petite plan\u00e8te - Little Cow Cookies","og_url":"https:\/\/littlecow.world\/fr\/petite-planete\/","og_site_name":"Little Cow Cookies","article_modified_time":"2021-10-14T12:49:10+00:00","twitter_card":"summary_large_image","schema":{"@context":"https:\/\/schema.org","@graph":[{"@type":"WebPage","@id":"https:\/\/littlecow.world\/fr\/petite-planete\/","url":"https:\/\/littlecow.world\/fr\/petite-planete\/","name":"Petite plan\u00e8te - Little Cow Cookies","isPartOf":{"@id":"https:\/\/littlecow.world\/#website"},"datePublished":"2021-06-23T09:13:07+00:00","dateModified":"2021-10-14T12:49:10+00:00","breadcrumb":{"@id":"https:\/\/littlecow.world\/fr\/petite-planete\/#breadcrumb"},"inLanguage":"fr-FR","potentialAction":[{"@type":"ReadAction","target":["https:\/\/littlecow.world\/fr\/petite-planete\/"]}]},{"@type":"BreadcrumbList","@id":"https:\/\/littlecow.world\/fr\/petite-planete\/#breadcrumb","itemListElement":[{"@type":"ListItem","position":1,"name":"Home","item":"https:\/\/littlecow.world\/fr\/"},{"@type":"ListItem","position":2,"name":"Petite plan\u00e8te"}]},{"@type":"WebSite","@id":"https:\/\/littlecow.world\/#website","url":"https:\/\/littlecow.world\/","name":"Little Cow Cookies","description":"Organic Jersey Ice Cream","potentialAction":[{"@type":"SearchAction","target":{"@type":"EntryPoint","urlTemplate":"https:\/\/littlecow.world\/?s={search_term_string}"},"query-input":{"@type":"PropertyValueSpecification","valueRequired":true,"valueName":"search_term_string"}}],"inLanguage":"fr-FR"}]}},"_links":{"self":[{"href":"https:\/\/littlecow.world\/fr\/wp-json\/wp\/v2\/pages\/1471","targetHints":{"allow":["GET"]}}],"collection":[{"href":"https:\/\/littlecow.world\/fr\/wp-json\/wp\/v2\/pages"}],"about":[{"href":"https:\/\/littlecow.world\/fr\/wp-json\/wp\/v2\/types\/page"}],"author":[{"embeddable":true,"href":"https:\/\/littlecow.world\/fr\/wp-json\/wp\/v2\/users\/1"}],"replies":[{"embeddable":true,"href":"https:\/\/littlecow.world\/fr\/wp-json\/wp\/v2\/comments?post=1471"}],"version-history":[{"count":0,"href":"https:\/\/littlecow.world\/fr\/wp-json\/wp\/v2\/pages\/1471\/revisions"}],"wp:attachment":[{"href":"https:\/\/littlecow.world\/fr\/wp-json\/wp\/v2\/media?parent=1471"}],"curies":[{"name":"wp","href":"https:\/\/api.w.org\/{rel}","templated":true}]}}